{"id":10,"date":"2024-07-31T10:17:47","date_gmt":"2024-07-31T10:17:47","guid":{"rendered":"https:\/\/www.opari.fi\/?page_id=10"},"modified":"2024-08-01T16:44:42","modified_gmt":"2024-08-01T16:44:42","slug":"tuote","status":"publish","type":"page","link":"https:\/\/www.opari.fi\/?page_id=10","title":{"rendered":"TUOTE"},"content":{"rendered":"\t\t<div data-elementor-type=\"wp-post\" data-elementor-id=\"10\" class=\"elementor elementor-10\" data-elementor-post-type=\"page\">\n\t\t\t\t<div class=\"elementor-element elementor-element-5f7540a e-flex e-con-boxed e-con e-parent\" data-id=\"5f7540a\" data-element_type=\"container\" data-e-type=\"container\">\n\t\t\t\t\t<div class=\"e-con-inner\">\n\t\t<div class=\"elementor-element elementor-element-5a67e2c e-con-full e-flex e-con e-child\" data-id=\"5a67e2c\" data-element_type=\"container\" data-e-type=\"container\">\n\t\t\t\t<div class=\"elementor-element elementor-element-bb2f22e elementor-widget elementor-widget-heading\" data-id=\"bb2f22e\" data-element_type=\"widget\" data-e-type=\"widget\" data-widget_type=\"heading.default\">\n\t\t\t\t<div class=\"elementor-widget-container\">\n\t\t\t\t\t<h2 class=\"elementor-heading-title elementor-size-default\">OPARIN KOTISINAPPI<\/h2>\t\t\t\t<\/div>\n\t\t\t\t<\/div>\n\t\t\t\t<div class=\"elementor-element elementor-element-8e0468c elementor-widget elementor-widget-text-editor\" data-id=\"8e0468c\" data-element_type=\"widget\" data-e-type=\"widget\" data-widget_type=\"text-editor.default\">\n\t\t\t\t<div class=\"elementor-widget-container\">\n\t\t\t\t\t\t\t\t\t<p style=\"font-weight: 400;\">Oparia on valmistettu jo vuodesta 1968 l\u00e4htien Vammalassa nykyisess\u00e4 Sastamalassa.<\/p><p style=\"font-weight: 400;\">Koko: 300g<\/p><p style=\"font-weight: 400;\">Ainesosat: Sokeri, sinappijauhe, vesi, kahvi ja suola<\/p><p style=\"font-weight: 400;\">S\u00e4il\u00f6nt\u00e4aineeton, laktoositon ja gluteeniton<\/p>\t\t\t\t\t\t\t\t<\/div>\n\t\t\t\t<\/div>\n\t\t\t\t<\/div>\n\t\t<div class=\"elementor-element elementor-element-2b8388e e-con-full e-flex e-con e-child\" data-id=\"2b8388e\" data-element_type=\"container\" data-e-type=\"container\">\n\t\t\t\t<div class=\"elementor-element elementor-element-b856d79 elementor-widget elementor-widget-image\" data-id=\"b856d79\" data-element_type=\"widget\" data-e-type=\"widget\" data-widget_type=\"image.default\">\n\t\t\t\t<div class=\"elementor-widget-container\">\n\t\t\t\t\t\t\t\t\t\t\t\t\t\t\t<img fetchpriority=\"high\" decoding=\"async\" width=\"300\" height=\"208\" src=\"https:\/\/www.opari.fi\/wp-content\/uploads\/2024\/08\/Maukasta_pisaraan-300x208.png\" class=\"attachment-medium size-medium wp-image-77\" alt=\"\" srcset=\"https:\/\/www.opari.fi\/wp-content\/uploads\/2024\/08\/Maukasta_pisaraan-300x208.png 300w, https:\/\/www.opari.fi\/wp-content\/uploads\/2024\/08\/Maukasta_pisaraan.png 610w\" sizes=\"(max-width: 300px) 100vw, 300px\" \/>\t\t\t\t\t\t\t\t\t\t\t\t\t\t\t<\/div>\n\t\t\t\t<\/div>\n\t\t\t\t<\/div>\n\t\t\t\t\t<\/div>\n\t\t\t\t<\/div>\n\t\t<div class=\"elementor-element elementor-element-da9aa02 e-flex e-con-boxed e-con e-parent\" data-id=\"da9aa02\" data-element_type=\"container\" data-e-type=\"container\">\n\t\t\t\t\t<div class=\"e-con-inner\">\n\t\t\t\t<div class=\"elementor-element elementor-element-f6afaaa elementor-widget elementor-widget-image\" data-id=\"f6afaaa\" data-element_type=\"widget\" data-e-type=\"widget\" data-widget_type=\"image.default\">\n\t\t\t\t<div class=\"elementor-widget-container\">\n\t\t\t\t\t\t\t\t\t\t\t\t\t\t\t<img decoding=\"async\" width=\"2048\" height=\"1365\" src=\"https:\/\/www.opari.fi\/wp-content\/uploads\/2024\/08\/Opari_kotisinappi-06.jpg\" class=\"attachment-full size-full wp-image-78\" alt=\"\" srcset=\"https:\/\/www.opari.fi\/wp-content\/uploads\/2024\/08\/Opari_kotisinappi-06.jpg 2048w, https:\/\/www.opari.fi\/wp-content\/uploads\/2024\/08\/Opari_kotisinappi-06-300x200.jpg 300w, https:\/\/www.opari.fi\/wp-content\/uploads\/2024\/08\/Opari_kotisinappi-06-1024x683.jpg 1024w, https:\/\/www.opari.fi\/wp-content\/uploads\/2024\/08\/Opari_kotisinappi-06-768x512.jpg 768w, https:\/\/www.opari.fi\/wp-content\/uploads\/2024\/08\/Opari_kotisinappi-06-1536x1024.jpg 1536w\" sizes=\"(max-width: 2048px) 100vw, 2048px\" \/>\t\t\t\t\t\t\t\t\t\t\t\t\t\t\t<\/div>\n\t\t\t\t<\/div>\n\t\t\t\t\t<\/div>\n\t\t\t\t<\/div>\n\t\t\t\t<\/div>\n\t\t","protected":false},"excerpt":{"rendered":"<p>OPARIN KOTISINAPPI Oparia on valmistettu jo vuodesta 1968 l\u00e4htien Vammalassa nykyisess\u00e4 Sastamalassa. Koko: 300g Ainesosat: Sokeri, sinappijauhe, vesi, kahvi ja suola S\u00e4il\u00f6nt\u00e4aineeton, laktoositon ja gluteeniton<\/p>\n","protected":false},"author":1,"featured_media":0,"parent":0,"menu_order":0,"comment_status":"closed","ping_status":"closed","template":"","meta":{"footnotes":""},"class_list":["post-10","page","type-page","status-publish","hentry"],"_links":{"self":[{"href":"https:\/\/www.opari.fi\/index.php?rest_route=\/wp\/v2\/pages\/10","targetHints":{"allow":["GET"]}}],"collection":[{"href":"https:\/\/www.opari.fi\/index.php?rest_route=\/wp\/v2\/pages"}],"about":[{"href":"https:\/\/www.opari.fi\/index.php?rest_route=\/wp\/v2\/types\/page"}],"author":[{"embeddable":true,"href":"https:\/\/www.opari.fi\/index.php?rest_route=\/wp\/v2\/users\/1"}],"replies":[{"embeddable":true,"href":"https:\/\/www.opari.fi\/index.php?rest_route=%2Fwp%2Fv2%2Fcomments&post=10"}],"version-history":[{"count":18,"href":"https:\/\/www.opari.fi\/index.php?rest_route=\/wp\/v2\/pages\/10\/revisions"}],"predecessor-version":[{"id":184,"href":"https:\/\/www.opari.fi\/index.php?rest_route=\/wp\/v2\/pages\/10\/revisions\/184"}],"wp:attachment":[{"href":"https:\/\/www.opari.fi\/index.php?rest_route=%2Fwp%2Fv2%2Fmedia&parent=10"}],"curies":[{"name":"wp","href":"https:\/\/api.w.org\/{rel}","templated":true}]}}