{"id":19,"date":"2024-07-31T10:24:59","date_gmt":"2024-07-31T10:24:59","guid":{"rendered":"https:\/\/www.opari.fi\/?page_id=19"},"modified":"2024-12-12T12:42:07","modified_gmt":"2024-12-12T12:42:07","slug":"etusivu","status":"publish","type":"page","link":"https:\/\/www.opari.fi\/","title":{"rendered":"ETUSIVU"},"content":{"rendered":"\t\t<div data-elementor-type=\"wp-post\" data-elementor-id=\"19\" class=\"elementor elementor-19\" data-elementor-post-type=\"page\">\n\t\t\t\t<div class=\"elementor-element elementor-element-50d6f7c e-flex e-con-boxed e-con e-parent\" data-id=\"50d6f7c\" data-element_type=\"container\" data-e-type=\"container\">\n\t\t\t\t\t<div class=\"e-con-inner\">\n\t\t\t\t<div class=\"elementor-element elementor-element-f3cd782 elementor-widget elementor-widget-image\" data-id=\"f3cd782\" data-element_type=\"widget\" data-e-type=\"widget\" data-widget_type=\"image.default\">\n\t\t\t\t<div class=\"elementor-widget-container\">\n\t\t\t\t\t\t\t\t\t\t\t\t\t\t\t<img fetchpriority=\"high\" decoding=\"async\" width=\"2393\" height=\"478\" src=\"https:\/\/www.opari.fi\/wp-content\/uploads\/2024\/08\/Opari_kotisinappi_header_valmitettuSuomessa.png\" class=\"attachment-full size-full wp-image-195\" alt=\"\" srcset=\"https:\/\/www.opari.fi\/wp-content\/uploads\/2024\/08\/Opari_kotisinappi_header_valmitettuSuomessa.png 2393w, https:\/\/www.opari.fi\/wp-content\/uploads\/2024\/08\/Opari_kotisinappi_header_valmitettuSuomessa-300x60.png 300w, https:\/\/www.opari.fi\/wp-content\/uploads\/2024\/08\/Opari_kotisinappi_header_valmitettuSuomessa-1024x205.png 1024w, https:\/\/www.opari.fi\/wp-content\/uploads\/2024\/08\/Opari_kotisinappi_header_valmitettuSuomessa-768x153.png 768w, https:\/\/www.opari.fi\/wp-content\/uploads\/2024\/08\/Opari_kotisinappi_header_valmitettuSuomessa-1536x307.png 1536w, https:\/\/www.opari.fi\/wp-content\/uploads\/2024\/08\/Opari_kotisinappi_header_valmitettuSuomessa-2048x409.png 2048w\" sizes=\"(max-width: 2393px) 100vw, 2393px\" \/>\t\t\t\t\t\t\t\t\t\t\t\t\t\t\t<\/div>\n\t\t\t\t<\/div>\n\t\t\t\t<div class=\"elementor-element elementor-element-b39c03e elementor-widget elementor-widget-spacer\" data-id=\"b39c03e\" data-element_type=\"widget\" data-e-type=\"widget\" data-widget_type=\"spacer.default\">\n\t\t\t\t<div class=\"elementor-widget-container\">\n\t\t\t\t\t\t\t<div class=\"elementor-spacer\">\n\t\t\t<div class=\"elementor-spacer-inner\"><\/div>\n\t\t<\/div>\n\t\t\t\t\t\t<\/div>\n\t\t\t\t<\/div>\n\t\t\t\t\t<\/div>\n\t\t\t\t<\/div>\n\t\t<div class=\"elementor-element elementor-element-86a2fea e-flex e-con-boxed e-con e-parent\" data-id=\"86a2fea\" data-element_type=\"container\" data-e-type=\"container\">\n\t\t\t\t\t<div class=\"e-con-inner\">\n\t\t<div class=\"elementor-element elementor-element-5a1abf2 e-con-full e-flex e-con e-child\" data-id=\"5a1abf2\" data-element_type=\"container\" data-e-type=\"container\">\n\t\t\t\t<div class=\"elementor-element elementor-element-a6a53e8 elementor-widget elementor-widget-image\" data-id=\"a6a53e8\" data-element_type=\"widget\" data-e-type=\"widget\" data-widget_type=\"image.default\">\n\t\t\t\t<div class=\"elementor-widget-container\">\n\t\t\t\t\t\t\t\t\t\t\t\t\t\t\t<img decoding=\"async\" width=\"300\" height=\"300\" src=\"https:\/\/www.opari.fi\/wp-content\/uploads\/2024\/07\/Oparin_kotisinappi_logo-01-300x300.png\" class=\"attachment-medium size-medium wp-image-23\" alt=\"\" srcset=\"https:\/\/www.opari.fi\/wp-content\/uploads\/2024\/07\/Oparin_kotisinappi_logo-01-300x300.png 300w, https:\/\/www.opari.fi\/wp-content\/uploads\/2024\/07\/Oparin_kotisinappi_logo-01-1024x1024.png 1024w, https:\/\/www.opari.fi\/wp-content\/uploads\/2024\/07\/Oparin_kotisinappi_logo-01-150x150.png 150w, https:\/\/www.opari.fi\/wp-content\/uploads\/2024\/07\/Oparin_kotisinappi_logo-01-768x768.png 768w, https:\/\/www.opari.fi\/wp-content\/uploads\/2024\/07\/Oparin_kotisinappi_logo-01-1536x1536.png 1536w, https:\/\/www.opari.fi\/wp-content\/uploads\/2024\/07\/Oparin_kotisinappi_logo-01-2048x2048.png 2048w\" sizes=\"(max-width: 300px) 100vw, 300px\" \/>\t\t\t\t\t\t\t\t\t\t\t\t\t\t\t<\/div>\n\t\t\t\t<\/div>\n\t\t\t\t<\/div>\n\t\t<div class=\"elementor-element elementor-element-8f578e4 e-con-full e-flex e-con e-child\" data-id=\"8f578e4\" data-element_type=\"container\" data-e-type=\"container\">\n\t\t\t\t<div class=\"elementor-element elementor-element-f4785e6 elementor-widget elementor-widget-spacer\" data-id=\"f4785e6\" data-element_type=\"widget\" data-e-type=\"widget\" data-widget_type=\"spacer.default\">\n\t\t\t\t<div class=\"elementor-widget-container\">\n\t\t\t\t\t\t\t<div class=\"elementor-spacer\">\n\t\t\t<div class=\"elementor-spacer-inner\"><\/div>\n\t\t<\/div>\n\t\t\t\t\t\t<\/div>\n\t\t\t\t<\/div>\n\t\t\t\t<div class=\"elementor-element elementor-element-d688130 elementor-widget elementor-widget-heading\" data-id=\"d688130\" data-element_type=\"widget\" data-e-type=\"widget\" data-widget_type=\"heading.default\">\n\t\t\t\t<div class=\"elementor-widget-container\">\n\t\t\t\t\t<h2 class=\"elementor-heading-title elementor-size-default\">OPARIN KOTISINAPPIA on valmistettu vuodesta 1968 asti.<\/h2>\t\t\t\t<\/div>\n\t\t\t\t<\/div>\n\t\t\t\t<div class=\"elementor-element elementor-element-d07a1f7 elementor-widget elementor-widget-text-editor\" data-id=\"d07a1f7\" data-element_type=\"widget\" data-e-type=\"widget\" data-widget_type=\"text-editor.default\">\n\t\t\t\t<div class=\"elementor-widget-container\">\n\t\t\t\t\t\t\t\t\t<p style=\"font-weight: 400;\">Opari Ky:n perustaja Elma Opari perusti nakkikioskin Vammalan Puistokadulle 1968. Nakin kyytipojaksi Elma kehitteli oman sinapin, jota alettiin myyd\u00e4 purkitettuna vuodesta 1984 l\u00e4htien.<\/p>\n<p><br><\/p>\t\t\t\t\t\t\t\t<\/div>\n\t\t\t\t<\/div>\n\t\t\t\t<\/div>\n\t\t\t\t\t<\/div>\n\t\t\t\t<\/div>\n\t\t<div class=\"elementor-element elementor-element-71620af e-flex e-con-boxed e-con e-parent\" data-id=\"71620af\" data-element_type=\"container\" data-e-type=\"container\">\n\t\t\t\t\t<div class=\"e-con-inner\">\n\t\t\t\t<div class=\"elementor-element elementor-element-106ac0e elementor-widget-divider--view-line elementor-widget elementor-widget-divider\" data-id=\"106ac0e\" data-element_type=\"widget\" data-e-type=\"widget\" data-widget_type=\"divider.default\">\n\t\t\t\t<div class=\"elementor-widget-container\">\n\t\t\t\t\t\t\t<div class=\"elementor-divider\">\n\t\t\t<span class=\"elementor-divider-separator\">\n\t\t\t\t\t\t<\/span>\n\t\t<\/div>\n\t\t\t\t\t\t<\/div>\n\t\t\t\t<\/div>\n\t\t\t\t<div class=\"elementor-element elementor-element-0251d3e elementor-widget elementor-widget-spacer\" data-id=\"0251d3e\" data-element_type=\"widget\" data-e-type=\"widget\" data-widget_type=\"spacer.default\">\n\t\t\t\t<div class=\"elementor-widget-container\">\n\t\t\t\t\t\t\t<div class=\"elementor-spacer\">\n\t\t\t<div class=\"elementor-spacer-inner\"><\/div>\n\t\t<\/div>\n\t\t\t\t\t\t<\/div>\n\t\t\t\t<\/div>\n\t\t\t\t<div class=\"elementor-element elementor-element-12b087a elementor-widget elementor-widget-image\" data-id=\"12b087a\" data-element_type=\"widget\" data-e-type=\"widget\" data-widget_type=\"image.default\">\n\t\t\t\t<div class=\"elementor-widget-container\">\n\t\t\t\t\t\t\t\t\t\t\t\t\t\t\t<img decoding=\"async\" width=\"2048\" height=\"1365\" src=\"https:\/\/www.opari.fi\/wp-content\/uploads\/2024\/07\/Opari_kotisinappi_2-04.jpg\" class=\"attachment-full size-full wp-image-24\" alt=\"\" srcset=\"https:\/\/www.opari.fi\/wp-content\/uploads\/2024\/07\/Opari_kotisinappi_2-04.jpg 2048w, https:\/\/www.opari.fi\/wp-content\/uploads\/2024\/07\/Opari_kotisinappi_2-04-300x200.jpg 300w, https:\/\/www.opari.fi\/wp-content\/uploads\/2024\/07\/Opari_kotisinappi_2-04-1024x683.jpg 1024w, https:\/\/www.opari.fi\/wp-content\/uploads\/2024\/07\/Opari_kotisinappi_2-04-768x512.jpg 768w, https:\/\/www.opari.fi\/wp-content\/uploads\/2024\/07\/Opari_kotisinappi_2-04-1536x1024.jpg 1536w, https:\/\/www.opari.fi\/wp-content\/uploads\/2024\/07\/Opari_kotisinappi_2-04-360x240.jpg 360w\" sizes=\"(max-width: 2048px) 100vw, 2048px\" \/>\t\t\t\t\t\t\t\t\t\t\t\t\t\t\t<\/div>\n\t\t\t\t<\/div>\n\t\t\t\t<div class=\"elementor-element elementor-element-6607dd1 elementor-widget-divider--view-line elementor-widget elementor-widget-divider\" data-id=\"6607dd1\" data-element_type=\"widget\" data-e-type=\"widget\" data-widget_type=\"divider.default\">\n\t\t\t\t<div class=\"elementor-widget-container\">\n\t\t\t\t\t\t\t<div class=\"elementor-divider\">\n\t\t\t<span class=\"elementor-divider-separator\">\n\t\t\t\t\t\t<\/span>\n\t\t<\/div>\n\t\t\t\t\t\t<\/div>\n\t\t\t\t<\/div>\n\t\t\t\t\t<\/div>\n\t\t\t\t<\/div>\n\t\t<div class=\"elementor-element elementor-element-7e9130f e-flex e-con-boxed e-con e-parent\" data-id=\"7e9130f\" data-element_type=\"container\" data-e-type=\"container\">\n\t\t\t\t\t<div class=\"e-con-inner\">\n\t\t<div class=\"elementor-element elementor-element-5c521bf e-con-full e-flex e-con e-child\" data-id=\"5c521bf\" data-element_type=\"container\" data-e-type=\"container\">\n\t\t\t\t<div class=\"elementor-element elementor-element-e3fc267 elementor-widget elementor-widget-image\" data-id=\"e3fc267\" data-element_type=\"widget\" data-e-type=\"widget\" data-widget_type=\"image.default\">\n\t\t\t\t<div class=\"elementor-widget-container\">\n\t\t\t\t\t\t\t\t\t\t\t\t\t\t\t<img loading=\"lazy\" decoding=\"async\" width=\"300\" height=\"300\" src=\"https:\/\/www.opari.fi\/wp-content\/uploads\/2024\/08\/Myonnetty_lippu2-300x300.png\" class=\"attachment-medium size-medium wp-image-131\" alt=\"\" srcset=\"https:\/\/www.opari.fi\/wp-content\/uploads\/2024\/08\/Myonnetty_lippu2-300x300.png 300w, https:\/\/www.opari.fi\/wp-content\/uploads\/2024\/08\/Myonnetty_lippu2-1024x1024.png 1024w, https:\/\/www.opari.fi\/wp-content\/uploads\/2024\/08\/Myonnetty_lippu2-150x150.png 150w, https:\/\/www.opari.fi\/wp-content\/uploads\/2024\/08\/Myonnetty_lippu2-768x768.png 768w, https:\/\/www.opari.fi\/wp-content\/uploads\/2024\/08\/Myonnetty_lippu2-1536x1536.png 1536w, https:\/\/www.opari.fi\/wp-content\/uploads\/2024\/08\/Myonnetty_lippu2-2048x2048.png 2048w\" sizes=\"(max-width: 300px) 100vw, 300px\" \/>\t\t\t\t\t\t\t\t\t\t\t\t\t\t\t<\/div>\n\t\t\t\t<\/div>\n\t\t\t\t<\/div>\n\t\t<div class=\"elementor-element elementor-element-6144966 e-con-full e-flex e-con e-child\" data-id=\"6144966\" data-element_type=\"container\" data-e-type=\"container\">\n\t\t\t\t<div class=\"elementor-element elementor-element-6e9b089 elementor-widget elementor-widget-spacer\" data-id=\"6e9b089\" data-element_type=\"widget\" data-e-type=\"widget\" data-widget_type=\"spacer.default\">\n\t\t\t\t<div class=\"elementor-widget-container\">\n\t\t\t\t\t\t\t<div class=\"elementor-spacer\">\n\t\t\t<div class=\"elementor-spacer-inner\"><\/div>\n\t\t<\/div>\n\t\t\t\t\t\t<\/div>\n\t\t\t\t<\/div>\n\t\t\t\t<div class=\"elementor-element elementor-element-3950b14 elementor-widget elementor-widget-text-editor\" data-id=\"3950b14\" data-element_type=\"widget\" data-e-type=\"widget\" data-widget_type=\"text-editor.default\">\n\t\t\t\t<div class=\"elementor-widget-container\">\n\t\t\t\t\t\t\t\t\t<p>OPARIN KOTISINAPPI on valmistettu Suomessa tukien suomalaista ty\u00f6t\u00e4. T\u00e4st\u00e4 merkkin\u00e4 on meille my\u00f6nnetty Avainlippu.<\/p>\t\t\t\t\t\t\t\t<\/div>\n\t\t\t\t<\/div>\n\t\t\t\t<\/div>\n\t\t\t\t\t<\/div>\n\t\t\t\t<\/div>\n\t\t<div class=\"elementor-element elementor-element-d47f13e e-flex e-con-boxed e-con e-parent\" data-id=\"d47f13e\" data-element_type=\"container\" data-e-type=\"container\">\n\t\t\t\t\t<div class=\"e-con-inner\">\n\t\t\t\t\t<\/div>\n\t\t\t\t<\/div>\n\t\t\t\t<\/div>\n\t\t","protected":false},"excerpt":{"rendered":"<p>OPARIN KOTISINAPPIA on valmistettu vuodesta 1968 asti. Opari Ky:n perustaja Elma Opari perusti nakkikioskin Vammalan Puistokadulle 1968. Nakin kyytipojaksi Elma kehitteli oman sinapin, jota alettiin myyd\u00e4 purkitettuna vuodesta 1984 l\u00e4htien. OPARIN KOTISINAPPI on valmistettu Suomessa tukien suomalaista ty\u00f6t\u00e4. T\u00e4st\u00e4 merkkin\u00e4 on meille my\u00f6nnetty Avainlippu.<\/p>\n","protected":false},"author":1,"featured_media":0,"parent":0,"menu_order":0,"comment_status":"closed","ping_status":"closed","template":"elementor_header_footer","meta":{"footnotes":""},"class_list":["post-19","page","type-page","status-publish","hentry"],"_links":{"self":[{"href":"https:\/\/www.opari.fi\/index.php?rest_route=\/wp\/v2\/pages\/19","targetHints":{"allow":["GET"]}}],"collection":[{"href":"https:\/\/www.opari.fi\/index.php?rest_route=\/wp\/v2\/pages"}],"about":[{"href":"https:\/\/www.opari.fi\/index.php?rest_route=\/wp\/v2\/types\/page"}],"author":[{"embeddable":true,"href":"https:\/\/www.opari.fi\/index.php?rest_route=\/wp\/v2\/users\/1"}],"replies":[{"embeddable":true,"href":"https:\/\/www.opari.fi\/index.php?rest_route=%2Fwp%2Fv2%2Fcomments&post=19"}],"version-history":[{"count":41,"href":"https:\/\/www.opari.fi\/index.php?rest_route=\/wp\/v2\/pages\/19\/revisions"}],"predecessor-version":[{"id":229,"href":"https:\/\/www.opari.fi\/index.php?rest_route=\/wp\/v2\/pages\/19\/revisions\/229"}],"wp:attachment":[{"href":"https:\/\/www.opari.fi\/index.php?rest_route=%2Fwp%2Fv2%2Fmedia&parent=19"}],"curies":[{"name":"wp","href":"https:\/\/api.w.org\/{rel}","templated":true}]}}